{"id":1643,"date":"2025-05-05T10:13:53","date_gmt":"2025-05-05T14:13:53","guid":{"rendered":"https:\/\/serfamiliabolivia.org\/?page_id=1643"},"modified":"2026-04-08T10:15:24","modified_gmt":"2026-04-08T14:15:24","slug":"paola","status":"publish","type":"page","link":"https:\/\/serfamiliabolivia.org\/?page_id=1643","title":{"rendered":"Paola"},"content":{"rendered":"\n\n\n\n\n\n\n\n\n<h2 style=\"color: rgb(48, 5, 95);\">\u00bfQu\u00e9 es Paola?<\/h2>\n<p style=\"text-align: justify;\">La Plataforma de Atenci\u00f3n y Orientaci\u00f3n Laboral, es una herramienta digital, online de acceso libre y gratuita, tiene un sentido social de servicio y no lucrativo, que nace a partir de la experticia y relacionamiento con j\u00f3venes, empresas, municipios, organizaciones de la sociedad civil, institutos y CE\u00c1s, para orientar el proceso para la empleabilidad y ser el punto de encuentro entre la oferta y demanda laboral.<\/p>\n\n\n\n\n<h2 style=\"color: rgb(48, 5, 95);\">Objetivo<\/h2>\n<p>Implementar un servicio digital de orientaci\u00f3n para la empleabilidad y a la vez ser un punto de encuentro que conecta la oferta y demanda laboral dirigida a j\u00f3venes y otros sectores poblacionales en oficios emp\u00edricos y t\u00e9cnicos.<\/p>\n\n\n<h2 style=\"color: rgb(48, 5, 95);\">Prop\u00f3sito<\/h2>\n<p style=\"text-align: justify;\">Responder a la necesidad de atenci\u00f3n y orientaci\u00f3n laboral de<\/p><p style=\"text-align: justify;\">j\u00f3venes y a las empresas brindar un espacio de acceso a talento capacitado.<\/p>\n\n\n\n\n\n\n\n\n\n<h2 style=\"color: rgb(48, 5, 95);\">Video Presentaci\u00f3n&nbsp;<\/h2>\n\n\n\n\n\n\n\n\n\n<h2 style=\"color: rgb(48, 5, 95);\">Estamos en &#8230;<\/h2>\n\n\n\n\n\n\n\n\n\n\n\n\n\n\n\n\n\n\n\n\n\n\n","protected":false},"excerpt":{"rendered":"","protected":false},"author":1,"featured_media":0,"parent":0,"menu_order":0,"comment_status":"closed","ping_status":"closed","template":"","meta":{"pagelayer_contact_templates":[],"_pagelayer_content":"","footnotes":""},"class_list":["post-1643","page","type-page","status-publish","hentry"],"_links":{"self":[{"href":"https:\/\/serfamiliabolivia.org\/index.php?rest_route=\/wp\/v2\/pages\/1643","targetHints":{"allow":["GET"]}}],"collection":[{"href":"https:\/\/serfamiliabolivia.org\/index.php?rest_route=\/wp\/v2\/pages"}],"about":[{"href":"https:\/\/serfamiliabolivia.org\/index.php?rest_route=\/wp\/v2\/types\/page"}],"author":[{"embeddable":true,"href":"https:\/\/serfamiliabolivia.org\/index.php?rest_route=\/wp\/v2\/users\/1"}],"replies":[{"embeddable":true,"href":"https:\/\/serfamiliabolivia.org\/index.php?rest_route=%2Fwp%2Fv2%2Fcomments&post=1643"}],"version-history":[{"count":25,"href":"https:\/\/serfamiliabolivia.org\/index.php?rest_route=\/wp\/v2\/pages\/1643\/revisions"}],"predecessor-version":[{"id":2447,"href":"https:\/\/serfamiliabolivia.org\/index.php?rest_route=\/wp\/v2\/pages\/1643\/revisions\/2447"}],"wp:attachment":[{"href":"https:\/\/serfamiliabolivia.org\/index.php?rest_route=%2Fwp%2Fv2%2Fmedia&parent=1643"}],"curies":[{"name":"wp","href":"https:\/\/api.w.org\/{rel}","templated":true}]}}