{"id":251,"date":"2024-08-07T19:25:08","date_gmt":"2024-08-07T23:25:08","guid":{"rendered":"https:\/\/serfamiliabolivia.org\/?page_id=251"},"modified":"2026-04-24T10:37:56","modified_gmt":"2026-04-24T14:37:56","slug":"sobre-nosotros","status":"publish","type":"page","link":"https:\/\/serfamiliabolivia.org\/?page_id=251","title":{"rendered":"Sobre Nosotros"},"content":{"rendered":"\n\n\n<h2>\u00bfQuienes Somos?<\/h2>\n\n\n\n\n\n\n<h4>Fundaci\u00f3n Ser Familia<\/h4>\n<p style=\"text-align: justify;\">Somos una organizaci\u00f3n sin fines de lucro con experiencia en programas que benefician a j\u00f3venes, mujeres y personas con discapacidad. Nuestra labor se centra en&nbsp;<span style=\"font-weight: bolder;\">empoderamiento, empleo, emprendimiento, empleabilidad y derechos humanos<\/span>, integrados al desarrollo humano-social y econ\u00f3mico-productivo con enfoques de g\u00e9nero, interculturalidad, sostenibilidad, econom\u00eda verde e inclusi\u00f3n.<\/p><p style=\"text-align: justify;\">Nuestras intervenciones aprovechan las potencialidades y saberes de las personas para dise\u00f1ar estrategias que impulsan sus proyectos de vida a trav\u00e9s de&nbsp;<span style=\"font-weight: bolder;\">cuatro grandes programas de acci\u00f3n<\/span>.<\/p>\n\n\n\n\n\n\n<p style=\"text-align: justify;\">Hemos ejecutado 45 proyectos en diversas tem\u00e1ticas, elaboramos 37 documentos bibliogr\u00e1ficos y capacitamos a m\u00e1s de 21.000 personas. Logramos intentar laboralmente a 1.549 beneficiarios y apoyar &nbsp;la creaci\u00f3n o mejora de 635 emprendimientos ecol\u00f3gicos y sostenibles. Nuestra labor ha sido reconocida con 9 premios nacionales e internacionales y siendonosla invitados a foros internacionales para compartir nuestra experiencia en intermediaci\u00f3n laboral como medio para fomentar emprendimientos y empleos sostenibles.<\/p><p style=\"text-align: justify;\"><br><\/p>\n\n\n\n\n\n\n\n\n\n\n\n<p style=\"text-align: justify;\">Una de nuestras fortalezas como Fundaci\u00f3n Ser Familia es&nbsp;<span style=\"font-variant-numeric: normal !important; font-variant-east-asian: normal !important; font-variant-alternates: normal !important; font-variant-position: normal !important; font-variant-emoji: normal !important;\">nuestro liderazgo<\/span>&nbsp;en Red Boliviana de Actores por el empleo Juvenil, promoviendo la coordinaci\u00f3n y alianzas estrat\u00e9gicas para ofrecer servicios innovadores en desarrollo humano social y econ\u00f3mico. Sus intervenciones se basan en identificar las potencialidades de mujeres y hombres, desarrollando estrategias que los ayuden a definir y cumplir sus proyectos de vida. Adem\u00e1s, adapta la Formaci\u00f3n T\u00e9cnica a las demandas del mercado laboral, replicando mejores pr\u00e1cticas de capacitaci\u00f3n con acceso efectivo al empleo.<\/p>\n\n\n\n\n\n\n\n<p style=\"text-align: justify;\">&nbsp;Ser Familia cuenta con todos los requisitos para administrar y ejecutar proyectos mediante acuerdos con entidades de la Cooperaci\u00f3n Internacional y entidades locales. Somos especialistas empleo, empleabilidad y emprendimiento, te invito a revisar nuestra experiencia.<\/p><p style=\"text-align: justify;\"><strong><em><a href=\"https:\/\/serfamiliabolivia.org\/wp-content\/uploads\/2026\/04\/Curriculum-Fundacion-Ser-Familia-2026.pdf\">Click Aqui<\/a><\/em><\/strong><\/p>\n\n\n","protected":false},"excerpt":{"rendered":"","protected":false},"author":1,"featured_media":0,"parent":0,"menu_order":0,"comment_status":"closed","ping_status":"closed","template":"","meta":{"pagelayer_contact_templates":[],"_pagelayer_content":"","footnotes":""},"class_list":["post-251","page","type-page","status-publish","hentry"],"_links":{"self":[{"href":"https:\/\/serfamiliabolivia.org\/index.php?rest_route=\/wp\/v2\/pages\/251","targetHints":{"allow":["GET"]}}],"collection":[{"href":"https:\/\/serfamiliabolivia.org\/index.php?rest_route=\/wp\/v2\/pages"}],"about":[{"href":"https:\/\/serfamiliabolivia.org\/index.php?rest_route=\/wp\/v2\/types\/page"}],"author":[{"embeddable":true,"href":"https:\/\/serfamiliabolivia.org\/index.php?rest_route=\/wp\/v2\/users\/1"}],"replies":[{"embeddable":true,"href":"https:\/\/serfamiliabolivia.org\/index.php?rest_route=%2Fwp%2Fv2%2Fcomments&post=251"}],"version-history":[{"count":34,"href":"https:\/\/serfamiliabolivia.org\/index.php?rest_route=\/wp\/v2\/pages\/251\/revisions"}],"predecessor-version":[{"id":2476,"href":"https:\/\/serfamiliabolivia.org\/index.php?rest_route=\/wp\/v2\/pages\/251\/revisions\/2476"}],"wp:attachment":[{"href":"https:\/\/serfamiliabolivia.org\/index.php?rest_route=%2Fwp%2Fv2%2Fmedia&parent=251"}],"curies":[{"name":"wp","href":"https:\/\/api.w.org\/{rel}","templated":true}]}}